{"id":102,"date":"2011-11-02T00:07:04","date_gmt":"2011-11-01T23:07:04","guid":{"rendered":"http:\/\/teixugo.com\/cms\/?page_id=102"},"modified":"2022-02-21T02:17:17","modified_gmt":"2022-02-21T01:17:17","slug":"ligazons","status":"publish","type":"page","link":"https:\/\/teixugo.com\/cms\/ligazons\/","title":{"rendered":"Ligaz\u00f3ns"},"content":{"rendered":"<div>\n<div>\n<div>\n<div><span style=\"color: #ffffff;\">.<\/span><\/div>\n<div><span style=\"color: #ffffff;\">.<\/span><\/div>\n<ul>\n<li><a href=\"http:\/\/www.interpretaciondelpatrimonio.com\/\">Asociaci\u00f3n para la Interpretaci\u00f3n del Patrimonio<\/a><\/li>\n<li><a title=\"Centro Nacional de Educaci\u00f3n Ambiental\" href=\"http:\/\/www.mma.es\/portal\/secciones\/formacion_educacion\/ceneam01\/\" target=\"_blank\" rel=\"colleague noopener\">CENEAM<\/a>\u00a0Centro Nacional de Educaci\u00f3n Ambiental<\/li>\n<li><a title=\"Aula da Natureza de Cotorredondo\" href=\"http:\/\/www.cotorredondo.net\/\" target=\"_blank\" rel=\"me noopener\">Cotorredondo<\/a>\u00a0Aula da Natureza de Cotorredondo<\/li>\n<li><a href=\"https:\/\/espazo.coop\/es\/\">Espazocoop<\/a> Uni\u00f3n de Cooperativas Galegas<\/li>\n<li><a href=\"http:\/\/federacioneducacionambiental.blogspot.com\/\">FEEA (Federaci\u00f3n de Entidades de Educaci\u00f3n Ambiental)<\/a><\/li>\n<li><a href=\"http:\/\/www.simbiose.es\/\" rel=\"friend co-worker\">Simbiose Medio Ambiente<\/a><\/li>\n<li><a href=\"http:\/\/www.ventos.es\/\">Ventos Estudos Ambientais<\/a><\/li>\n<\/ul>\n<div><span style=\"color: #ffffff;\">.<\/span><\/div>\n<div><span style=\"color: #ffffff;\">.<\/span><\/div>\n<div><a href=\"https:\/\/teixugo.com\/cms\/wp-content\/uploads\/2011\/11\/tela-ara\u00f1a.jpg\"><img decoding=\"async\" loading=\"lazy\" class=\"aligncenter size-full wp-image-112\" title=\"tela ara\u00f1a\" src=\"https:\/\/teixugo.com\/cms\/wp-content\/uploads\/2011\/11\/tela-ara\u00f1a.jpg\" alt=\"\" width=\"580\" height=\"387\" srcset=\"https:\/\/teixugo.com\/cms\/wp-content\/uploads\/2011\/11\/tela-ara\u00f1a.jpg 580w, https:\/\/teixugo.com\/cms\/wp-content\/uploads\/2011\/11\/tela-ara\u00f1a-300x200.jpg 300w\" sizes=\"(max-width: 580px) 100vw, 580px\" \/><\/a><\/div>\n<\/div>\n<\/div>\n<\/div>\n","protected":false},"excerpt":{"rendered":"<p>. . Asociaci\u00f3n para la Interpretaci\u00f3n del Patrimonio CENEAM\u00a0Centro Nacional de Educaci\u00f3n Ambiental Cotorredondo\u00a0Aula da Natureza de Cotorredondo Espazocoop Uni\u00f3n de Cooperativas Galegas FEEA (Federaci\u00f3n de Entidades de Educaci\u00f3n Ambiental) Simbiose Medio Ambiente Ventos Estudos Ambientais . .<\/p>\n","protected":false},"author":2,"featured_media":0,"parent":0,"menu_order":0,"comment_status":"closed","ping_status":"closed","template":"","meta":{"footnotes":""},"_links":{"self":[{"href":"https:\/\/teixugo.com\/cms\/wp-json\/wp\/v2\/pages\/102"}],"collection":[{"href":"https:\/\/teixugo.com\/cms\/wp-json\/wp\/v2\/pages"}],"about":[{"href":"https:\/\/teixugo.com\/cms\/wp-json\/wp\/v2\/types\/page"}],"author":[{"embeddable":true,"href":"https:\/\/teixugo.com\/cms\/wp-json\/wp\/v2\/users\/2"}],"replies":[{"embeddable":true,"href":"https:\/\/teixugo.com\/cms\/wp-json\/wp\/v2\/comments?post=102"}],"version-history":[{"count":6,"href":"https:\/\/teixugo.com\/cms\/wp-json\/wp\/v2\/pages\/102\/revisions"}],"predecessor-version":[{"id":589,"href":"https:\/\/teixugo.com\/cms\/wp-json\/wp\/v2\/pages\/102\/revisions\/589"}],"wp:attachment":[{"href":"https:\/\/teixugo.com\/cms\/wp-json\/wp\/v2\/media?parent=102"}],"curies":[{"name":"wp","href":"https:\/\/api.w.org\/{rel}","templated":true}]}}