{"id":11,"date":"2009-02-05T12:37:54","date_gmt":"2009-02-05T11:37:54","guid":{"rendered":"http:\/\/teixugo.com\/cms\/?page_id=11"},"modified":"2025-04-22T04:12:42","modified_gmt":"2025-04-22T03:12:42","slug":"formacion","status":"publish","type":"page","link":"https:\/\/teixugo.com\/cms\/nosos-traballos\/formacion\/","title":{"rendered":"Formaci\u00f3n"},"content":{"rendered":"\n<p><strong class=\"subHeader\">FORMACI\u00d3N<\/strong><\/p>\n\n\n\n<ul>\n<li>Cursos de Formaci\u00f3n e Especializaci\u00f3n Ambiental para distintos \u00e1mbitos profesionais<\/li>\n\n\n\n<li>Organizaci\u00f3n de Cursos, Congresos e Xornadas<\/li>\n<\/ul>\n\n\n\n<p><\/p>\n\n\n\n<figure class=\"wp-block-image size-large is-style-rounded\"><a href=\"https:\/\/teixugo.com\/cms\/wp-content\/uploads\/2022\/02\/DSCF4870.jpg\"><img decoding=\"async\" loading=\"lazy\" width=\"1024\" height=\"768\" src=\"https:\/\/teixugo.com\/cms\/wp-content\/uploads\/2022\/02\/DSCF4870-1024x768.jpg\" alt=\"\" class=\"wp-image-600\" srcset=\"https:\/\/teixugo.com\/cms\/wp-content\/uploads\/2022\/02\/DSCF4870-1024x768.jpg 1024w, https:\/\/teixugo.com\/cms\/wp-content\/uploads\/2022\/02\/DSCF4870-300x225.jpg 300w, https:\/\/teixugo.com\/cms\/wp-content\/uploads\/2022\/02\/DSCF4870-768x576.jpg 768w, https:\/\/teixugo.com\/cms\/wp-content\/uploads\/2022\/02\/DSCF4870-1536x1152.jpg 1536w, https:\/\/teixugo.com\/cms\/wp-content\/uploads\/2022\/02\/DSCF4870.jpg 1600w\" sizes=\"(max-width: 1024px) 100vw, 1024px\" \/><\/a><\/figure>\n\n\n\n<p>\u00a0<\/p>\n\n\n\n<p>&nbsp;<\/p>\n","protected":false},"excerpt":{"rendered":"<p>FORMACI\u00d3N \u00a0 &nbsp;<\/p>\n","protected":false},"author":2,"featured_media":0,"parent":7,"menu_order":0,"comment_status":"closed","ping_status":"closed","template":"","meta":{"footnotes":""},"_links":{"self":[{"href":"https:\/\/teixugo.com\/cms\/wp-json\/wp\/v2\/pages\/11"}],"collection":[{"href":"https:\/\/teixugo.com\/cms\/wp-json\/wp\/v2\/pages"}],"about":[{"href":"https:\/\/teixugo.com\/cms\/wp-json\/wp\/v2\/types\/page"}],"author":[{"embeddable":true,"href":"https:\/\/teixugo.com\/cms\/wp-json\/wp\/v2\/users\/2"}],"replies":[{"embeddable":true,"href":"https:\/\/teixugo.com\/cms\/wp-json\/wp\/v2\/comments?post=11"}],"version-history":[{"count":4,"href":"https:\/\/teixugo.com\/cms\/wp-json\/wp\/v2\/pages\/11\/revisions"}],"predecessor-version":[{"id":656,"href":"https:\/\/teixugo.com\/cms\/wp-json\/wp\/v2\/pages\/11\/revisions\/656"}],"up":[{"embeddable":true,"href":"https:\/\/teixugo.com\/cms\/wp-json\/wp\/v2\/pages\/7"}],"wp:attachment":[{"href":"https:\/\/teixugo.com\/cms\/wp-json\/wp\/v2\/media?parent=11"}],"curies":[{"name":"wp","href":"https:\/\/api.w.org\/{rel}","templated":true}]}}