{"id":14,"date":"2009-02-05T12:40:02","date_gmt":"2009-02-05T11:40:02","guid":{"rendered":"http:\/\/teixugo.com\/cms\/?page_id=14"},"modified":"2012-05-10T12:14:48","modified_gmt":"2012-05-10T11:14:48","slug":"deseno-de-materiais","status":"publish","type":"page","link":"https:\/\/teixugo.com\/cms\/nosos-traballos\/deseno-de-materiais\/","title":{"rendered":"Dese\u00f1o de Materiais"},"content":{"rendered":"<div id=\"attachment_152\" style=\"width: 296px\" class=\"wp-caption alignright\"><a href=\"https:\/\/teixugo.com\/cms\/wp-content\/uploads\/2009\/02\/03-Lago-Casti\u00f1eiras.jpg\"><img aria-describedby=\"caption-attachment-152\" decoding=\"async\" loading=\"lazy\" class=\"size-large wp-image-152   \" title=\"Panel Interpretativo Lago Casti\u00f1eiras\" src=\"https:\/\/teixugo.com\/cms\/wp-content\/uploads\/2009\/02\/03-Lago-Casti\u00f1eiras-477x1024.jpg\" alt=\"Lago Casti\u00f1eiras\" width=\"286\" height=\"614\" srcset=\"https:\/\/teixugo.com\/cms\/wp-content\/uploads\/2009\/02\/03-Lago-Casti\u00f1eiras-477x1024.jpg 477w, https:\/\/teixugo.com\/cms\/wp-content\/uploads\/2009\/02\/03-Lago-Casti\u00f1eiras.jpg 555w\" sizes=\"(max-width: 286px) 100vw, 286px\" \/><\/a><p id=\"caption-attachment-152\" class=\"wp-caption-text\">Panel Interpretativo Lago Casti\u00f1eiras<\/p><\/div>\n<p><strong><br \/>\n<\/strong><\/p>\n<ul>\n<li>Diaporamas e Presentaci\u00f3ns<\/li>\n<li>Publicaci\u00f3ns:\n<ul>\n<li>Folletos, tr\u00edpticos, libros, carteis.<\/li>\n<li>Pegatinas<\/li>\n<li>Elaboraci\u00f3n de unidades did\u00e1cticas<\/li>\n<\/ul>\n<\/li>\n<li>Sinalizaci\u00f3ns<\/li>\n<li>Paneis e carteis<\/li>\n<li>Fondo fotogr\u00e1fico<\/li>\n<\/ul>\n","protected":false},"excerpt":{"rendered":"<p>Diaporamas e Presentaci\u00f3ns Publicaci\u00f3ns: Folletos, tr\u00edpticos, libros, carteis. Pegatinas Elaboraci\u00f3n de unidades did\u00e1cticas Sinalizaci\u00f3ns Paneis e carteis Fondo fotogr\u00e1fico<\/p>\n","protected":false},"author":2,"featured_media":0,"parent":7,"menu_order":0,"comment_status":"closed","ping_status":"closed","template":"","meta":{"footnotes":""},"_links":{"self":[{"href":"https:\/\/teixugo.com\/cms\/wp-json\/wp\/v2\/pages\/14"}],"collection":[{"href":"https:\/\/teixugo.com\/cms\/wp-json\/wp\/v2\/pages"}],"about":[{"href":"https:\/\/teixugo.com\/cms\/wp-json\/wp\/v2\/types\/page"}],"author":[{"embeddable":true,"href":"https:\/\/teixugo.com\/cms\/wp-json\/wp\/v2\/users\/2"}],"replies":[{"embeddable":true,"href":"https:\/\/teixugo.com\/cms\/wp-json\/wp\/v2\/comments?post=14"}],"version-history":[{"count":9,"href":"https:\/\/teixugo.com\/cms\/wp-json\/wp\/v2\/pages\/14\/revisions"}],"predecessor-version":[{"id":134,"href":"https:\/\/teixugo.com\/cms\/wp-json\/wp\/v2\/pages\/14\/revisions\/134"}],"up":[{"embeddable":true,"href":"https:\/\/teixugo.com\/cms\/wp-json\/wp\/v2\/pages\/7"}],"wp:attachment":[{"href":"https:\/\/teixugo.com\/cms\/wp-json\/wp\/v2\/media?parent=14"}],"curies":[{"name":"wp","href":"https:\/\/api.w.org\/{rel}","templated":true}]}}