{"id":173,"date":"2012-05-29T13:54:09","date_gmt":"2012-05-29T12:54:09","guid":{"rendered":"http:\/\/teixugo.com\/cms\/?page_id=173"},"modified":"2025-04-22T04:26:45","modified_gmt":"2025-04-22T03:26:45","slug":"turismo-de-natureza","status":"publish","type":"page","link":"https:\/\/teixugo.com\/cms\/nosos-traballos\/turismo-de-natureza\/","title":{"rendered":"Turismo de Natureza"},"content":{"rendered":"\n<p><span style=\"text-decoration: underline;\"><strong><a href=\"https:\/\/birding-galicia.blogspot.com\/\" target=\"_blank\" rel=\"noopener\">Turismo Ornitol\u00f3xico.<\/a><\/strong><\/span><\/p>\n\n\n\n<p>Galicia pola s\u00faa posici\u00f3n xeogr\u00e1fica \u00e9 un lugar privilexiado para ver aves tanto polos seus humedais como por ser unha zona de paso das migraci\u00f3ns.<\/p>\n\n\n\n<p>Recomendamos as seguintes rutas, que se poden facer por separado ou combinadas en varias xornadas.<\/p>\n\n\n\n<ul>\n<li>Rutas polo Complexo intermareal Umia-O Grove<\/li>\n\n\n\n<li>Ruta de Punta Carreir\u00f3n &#8211; Illa de Arousa<\/li>\n\n\n\n<li>Ruta de Castrelo &#8211; Cambados<\/li>\n\n\n\n<li>Rutas pola Enseada de San Sim\u00f3n (Ria de Vigo)<\/li>\n\n\n\n<li>Ruta de Cabo Udra &#8211; Bueu<\/li>\n<\/ul>\n\n\n\n<figure class=\"wp-block-image is-style-rounded\"><img decoding=\"async\" src=\"http:\/\/4.bp.blogspot.com\/-V7TSJrmkdQA\/TxRhKmLbFYI\/AAAAAAAABaI\/P4pm-Q6WR6Q\/s320\/DSCF8193.jpg\" alt=\"\"\/><\/figure>\n\n\n\n<p><span style=\"text-decoration: underline;\"><strong><a href=\"https:\/\/rutaspontevedra.blogspot.com\/\" target=\"_blank\" rel=\"noopener\">Sendeirismo.<\/a><\/strong><\/span><\/p>\n\n\n\n<p>Ofrecemos un servizo de calidade e integral de dese\u00f1o e programaci\u00f3n de rutas de interese ambiental, etnogr\u00e1fico e patrimonial.<\/p>\n\n\n\n<p>Entre os programas de rutas que se poder\u00edan desenvolver estan:<\/p>\n\n\n\n<ul>\n<li><span style=\"text-decoration: underline;\"><strong>Co\u00f1ece o teu contorno:<\/strong><\/span> programa de roteiros que te\u00f1en como obxectivo co\u00f1ecer mellor a contorna m\u00e1is inmediata.<\/li>\n\n\n\n<li><span style=\"text-decoration: underline;\"><strong>Co\u00f1ece os espazos naturais de Galicia:<\/strong><\/span> Invitamos a co\u00f1ecer a fascinante natureza galega a trav\u00e9s dos seus espazos protexidos, patrimonio de todos nos. Contamos con gu\u00edas oficiales do PN das Illas Atl\u00e1nticas de Galicia.<\/li>\n\n\n\n<li><span style=\"text-decoration: underline;\"><strong>Programas tem\u00e1ticos: <\/strong><\/span>Estes programas poden realizarse ao redor de temas coma o co\u00f1ecemento das aves, o patrimonio etnogr\u00e1fico, os petroglifos&#8230;<\/li>\n<\/ul>\n","protected":false},"excerpt":{"rendered":"<p>Turismo Ornitol\u00f3xico. Galicia pola s\u00faa posici\u00f3n xeogr\u00e1fica \u00e9 un lugar privilexiado para ver aves tanto polos seus humedais como por ser unha zona de paso das migraci\u00f3ns. Recomendamos as seguintes rutas, que se poden facer por separado ou combinadas en varias xornadas. Sendeirismo. Ofrecemos un servizo de calidade e integral de dese\u00f1o e programaci\u00f3n de [&hellip;]<\/p>\n","protected":false},"author":2,"featured_media":0,"parent":7,"menu_order":0,"comment_status":"closed","ping_status":"open","template":"","meta":{"footnotes":""},"_links":{"self":[{"href":"https:\/\/teixugo.com\/cms\/wp-json\/wp\/v2\/pages\/173"}],"collection":[{"href":"https:\/\/teixugo.com\/cms\/wp-json\/wp\/v2\/pages"}],"about":[{"href":"https:\/\/teixugo.com\/cms\/wp-json\/wp\/v2\/types\/page"}],"author":[{"embeddable":true,"href":"https:\/\/teixugo.com\/cms\/wp-json\/wp\/v2\/users\/2"}],"replies":[{"embeddable":true,"href":"https:\/\/teixugo.com\/cms\/wp-json\/wp\/v2\/comments?post=173"}],"version-history":[{"count":9,"href":"https:\/\/teixugo.com\/cms\/wp-json\/wp\/v2\/pages\/173\/revisions"}],"predecessor-version":[{"id":661,"href":"https:\/\/teixugo.com\/cms\/wp-json\/wp\/v2\/pages\/173\/revisions\/661"}],"up":[{"embeddable":true,"href":"https:\/\/teixugo.com\/cms\/wp-json\/wp\/v2\/pages\/7"}],"wp:attachment":[{"href":"https:\/\/teixugo.com\/cms\/wp-json\/wp\/v2\/media?parent=173"}],"curies":[{"name":"wp","href":"https:\/\/api.w.org\/{rel}","templated":true}]}}