{"id":22,"date":"2009-02-05T12:42:58","date_gmt":"2009-02-05T11:42:58","guid":{"rendered":"http:\/\/teixugo.com\/cms\/?page_id=22"},"modified":"2025-04-22T04:31:03","modified_gmt":"2025-04-22T03:31:03","slug":"nosos-clientes","status":"publish","type":"page","link":"https:\/\/teixugo.com\/cms\/quienes-somos\/nosos-clientes\/","title":{"rendered":"Nosos clientes"},"content":{"rendered":"<p><strong>ADMINISTRACI\u00d3NS P\u00daBLICAS<\/strong><\/p>\n<ul>\n<li style=\"list-style-type: none;\">\n<ul>\n<li>Conseller\u00eda de Medio Ambiente &#8211; Xunta de Galicia<\/li>\n<li>Conseller\u00eda de Medio Rural &#8211; Xunta de Galicia<\/li>\n<li>Conseller\u00eda de Familia, Deporte e Voluntariado &#8211; Xunta de Galicia<\/li>\n<li>Conseller\u00eda de Traballo &#8211; Xunta de Galicia<\/li>\n<li>Conseller\u00eda de Sanidade &#8211; Xunta de Galicia<\/li>\n<li>Centro de Extensi\u00f3n Universitaria e Divulgaci\u00f3n Ambiental de Galicia (CEIDA)<\/li>\n<li>Deputaci\u00f3n de Pontevedra<\/li>\n<li>Concello de Ames<\/li>\n<li>Concello de Boiro<\/li>\n<li>Concello de Corcubi\u00f3n<\/li>\n<li>Concello de Mos<\/li>\n<li>Concello de Nigr\u00e1n<\/li>\n<li>Concello de Oleiros<\/li>\n<li>Concello de Taboadela<\/li>\n<li>Concello de Vigo<\/li>\n<li>Concello de Vilar de Barrio<\/li>\n<\/ul>\n<\/li>\n<\/ul>\n<p class=\"subHeader\"><strong>UNIVERSIDADES<\/strong><\/p>\n<ul>\n<li>Universidade da Coru\u00f1a<\/li>\n<li>Universidade de Santiago de Compostela<\/li>\n<li>Universidade de Vigo<\/li>\n<li>Universidad Internacional Men\u00e9ndez Pelayo<\/li>\n<\/ul>\n<p class=\"subHeader\"><strong>CENTROS DE ENSINO<\/strong><\/p>\n<ul>\n<li>Colexio A R\u00faa \u2013 Cangas<\/li>\n<li>Colexio Mart\u00edn Codax &#8211; Vigo<\/li>\n<li>Colexio Rosal\u00eda de Castro &#8211; Vigo<\/li>\n<li>IES Alexandre B\u00f3veda &#8211; Vigo<\/li>\n<li>IES Primeiro de Marzo &#8211; Baiona<\/li>\n<li>IES A Paralaia &#8211; Moa\u00f1a<\/li>\n<\/ul>\n<p class=\"subHeader\"><strong>OUTROS CENTROS DE FORMACI\u00d3N<br \/>\n<\/strong><\/p>\n<ul>\n<li>Centro de Formaci\u00f3n e Experimentaci\u00f3n Agroforestal de Louriz\u00e1n<\/li>\n<li>Escola Galega de Administraci\u00f3ns P\u00fablicas<\/li>\n<\/ul>\n<p class=\"subHeader\"><strong>ORGANIZACI\u00d3NS SINDICAIS<\/strong><\/p>\n<ul>\n<li>CIG Ensino &#8211; Vigo<\/li>\n<\/ul>\n<p class=\"subHeader\"><strong>FUNDACI\u00d3NS<\/strong><\/p>\n<ul>\n<li>Obra Social &#8211; \u00a0Fundaci\u00f3n Caixa Galicia<\/li>\n<li>Fundaci\u00f3n Pere Tarr\u00e9s<\/li>\n<\/ul>\n<p class=\"subHeader\"><strong>ENTIDADES PRIVADAS<\/strong><\/p>\n<ul>\n<li><span lang=\"GL\">Cultivos Casaita S.L.<\/span><\/li>\n<li><span lang=\"GL\">Factor I mas P S.L.L.<\/span><\/li>\n<li><span lang=\"GL\">Galicia Tiempo Libre &#8211; Rodolfo Zambrana Fari\u00f1a<\/span><\/li>\n<li><span lang=\"GL\">Gesti\u00f3n de Estudios y An\u00e1lisis S.L.<\/span><\/li>\n<li><span lang=\"GL\">IDE &#8211; Patricia Gestoso Abrain<\/span><\/li>\n<li><span lang=\"GL\">Ineco S.A.L.<\/span><\/li>\n<li><span lang=\"GL\">Kiriko Natura S.A.<\/span><\/li>\n<li><span lang=\"GL\">Meigallo C.B.<\/span><\/li>\n<li><span lang=\"GL\">Oftefor C.B.<\/span><\/li>\n<li><span lang=\"GL\">S.Coop. Agraria Condado Paradanta<\/span><\/li>\n<li><span lang=\"GL\">Sabelaocio S.L.N.E.<\/span><\/li>\n<li><span lang=\"GL\">Segur Xur\u00e9s<\/span><\/li>\n<li><span lang=\"GL\">Ventos Estudos Ambientais<br \/>\n<\/span><\/li>\n<li><span lang=\"GL\">Xesti\u00f3n Tur\u00edstica Rural<\/span><\/li>\n<\/ul>\n<p class=\"subHeader\"><strong>ASOCIACI\u00d3NS E ONGs<\/strong><\/p>\n<ul>\n<li>Amigos da Terra Galicia<\/li>\n<li>ASDE Scouts<\/li>\n<li>Asociaci\u00f3n de Apicultores da Provincia de Pontevedra<\/li>\n<li>Asociaci\u00f3n de Desenvolvemento Rural Proder II. NSI Comarca de Pontevedra<\/li>\n<li>Asociaci\u00f3n Ecoloxistas en Acci\u00f3n ECOACCI\u00d3N<\/li>\n<li>Asociaci\u00f3n Socio-Pedag\u00f3xica Galega<\/li>\n<li>Asociaci\u00f3n Xuvenil Luar<\/li>\n<li>Centro Recreativo Cultural de Redondela<\/li>\n<li>Federaci\u00f3n de Empresas Cooperativas SINERXIA<\/li>\n<li>Sociedade Galega de Educaci\u00f3n Ambiental<\/li>\n<li>Uni\u00f3n de Cooperativas de Traballo Asociado EIXO<\/li>\n<li>Uni\u00f3n de Cooperativas de Traballo Asociado ESPAZOCOOP<\/li>\n<\/ul>\n","protected":false},"excerpt":{"rendered":"<p>ADMINISTRACI\u00d3NS P\u00daBLICAS Conseller\u00eda de Medio Ambiente &#8211; Xunta de Galicia Conseller\u00eda de Medio Rural &#8211; Xunta de Galicia Conseller\u00eda de Familia, Deporte e Voluntariado &#8211; Xunta de Galicia Conseller\u00eda de Traballo &#8211; Xunta de Galicia Conseller\u00eda de Sanidade &#8211; Xunta de Galicia Centro de Extensi\u00f3n Universitaria e Divulgaci\u00f3n Ambiental de Galicia (CEIDA) Deputaci\u00f3n de Pontevedra [&hellip;]<\/p>\n","protected":false},"author":2,"featured_media":0,"parent":5,"menu_order":0,"comment_status":"closed","ping_status":"closed","template":"","meta":{"footnotes":""},"_links":{"self":[{"href":"https:\/\/teixugo.com\/cms\/wp-json\/wp\/v2\/pages\/22"}],"collection":[{"href":"https:\/\/teixugo.com\/cms\/wp-json\/wp\/v2\/pages"}],"about":[{"href":"https:\/\/teixugo.com\/cms\/wp-json\/wp\/v2\/types\/page"}],"author":[{"embeddable":true,"href":"https:\/\/teixugo.com\/cms\/wp-json\/wp\/v2\/users\/2"}],"replies":[{"embeddable":true,"href":"https:\/\/teixugo.com\/cms\/wp-json\/wp\/v2\/comments?post=22"}],"version-history":[{"count":10,"href":"https:\/\/teixugo.com\/cms\/wp-json\/wp\/v2\/pages\/22\/revisions"}],"predecessor-version":[{"id":664,"href":"https:\/\/teixugo.com\/cms\/wp-json\/wp\/v2\/pages\/22\/revisions\/664"}],"up":[{"embeddable":true,"href":"https:\/\/teixugo.com\/cms\/wp-json\/wp\/v2\/pages\/5"}],"wp:attachment":[{"href":"https:\/\/teixugo.com\/cms\/wp-json\/wp\/v2\/media?parent=22"}],"curies":[{"name":"wp","href":"https:\/\/api.w.org\/{rel}","templated":true}]}}