{"id":25,"date":"2009-02-05T13:00:08","date_gmt":"2009-02-05T12:00:08","guid":{"rendered":"http:\/\/teixugo.com\/cms\/?page_id=25"},"modified":"2022-02-25T06:17:02","modified_gmt":"2022-02-25T05:17:02","slug":"contactar","status":"publish","type":"page","link":"https:\/\/teixugo.com\/cms\/contactar\/","title":{"rendered":"Contacto"},"content":{"rendered":"\n<p class=\"has-text-align-left\"><strong>Tel\u00e9fono:<\/strong> 986 26 41 93<\/p>\n\n\n\n<p class=\"has-text-align-left\"><strong>Movil:<\/strong> 665 47 11 92<\/p>\n\n\n\n<p class=\"has-text-align-left\"><strong>Mail:<\/strong> teixugo@teixugo.com<\/p>\n\n\n\n<hr class=\"wp-block-separator aligncenter\"\/>\n\n\n\n<p>Podes enviarnos unha mensaxe desde o seguinte formulario<br>\n<div class=\"wpcf7 no-js\" id=\"wpcf7-f79-o1\" lang=\"en-US\" dir=\"ltr\">\n<div class=\"screen-reader-response\"><p role=\"status\" aria-live=\"polite\" aria-atomic=\"true\"><\/p> <ul><\/ul><\/div>\n<form action=\"\/cms\/wp-json\/wp\/v2\/pages\/25#wpcf7-f79-o1\" method=\"post\" class=\"wpcf7-form init\" aria-label=\"Contact form\" novalidate=\"novalidate\" data-status=\"init\">\n<div style=\"display: none;\">\n<input type=\"hidden\" name=\"_wpcf7\" value=\"79\" \/>\n<input type=\"hidden\" name=\"_wpcf7_version\" value=\"5.9.2\" \/>\n<input type=\"hidden\" name=\"_wpcf7_locale\" value=\"en_US\" \/>\n<input type=\"hidden\" name=\"_wpcf7_unit_tag\" value=\"wpcf7-f79-o1\" \/>\n<input type=\"hidden\" name=\"_wpcf7_container_post\" value=\"0\" \/>\n<input type=\"hidden\" name=\"_wpcf7_posted_data_hash\" value=\"\" \/>\n<\/div>\n<p>Nome (requerido)\n<\/p>\n<p><span class=\"wpcf7-form-control-wrap\" data-name=\"your-name\"><input size=\"40\" class=\"wpcf7-form-control wpcf7-text wpcf7-validates-as-required\" aria-required=\"true\" aria-invalid=\"false\" value=\"\" type=\"text\" name=\"your-name\" \/><\/span>\n<\/p>\n<p>Email (requerido)\n<\/p>\n<p><span class=\"wpcf7-form-control-wrap\" data-name=\"your-email\"><input size=\"40\" class=\"wpcf7-form-control wpcf7-email wpcf7-validates-as-required wpcf7-text wpcf7-validates-as-email\" aria-required=\"true\" aria-invalid=\"false\" value=\"\" type=\"email\" name=\"your-email\" \/><\/span>\n<\/p>\n<p>Asunto\n<\/p>\n<p><span class=\"wpcf7-form-control-wrap\" data-name=\"your-subject\"><input size=\"40\" class=\"wpcf7-form-control wpcf7-text\" aria-invalid=\"false\" value=\"\" type=\"text\" name=\"your-subject\" \/><\/span>\n<\/p>\n<p>Mensaxe\n<\/p>\n<p><span class=\"wpcf7-form-control-wrap\" data-name=\"your-message\"><textarea cols=\"40\" rows=\"10\" class=\"wpcf7-form-control wpcf7-textarea\" aria-invalid=\"false\" name=\"your-message\"><\/textarea><\/span>\n<\/p>\n<p><input class=\"wpcf7-form-control wpcf7-submit has-spinner\" type=\"submit\" value=\"Enviar\" \/>\n<\/p><p style=\"display: none !important;\" class=\"akismet-fields-container\" data-prefix=\"_wpcf7_ak_\"><label>&#916;<textarea name=\"_wpcf7_ak_hp_textarea\" cols=\"45\" rows=\"8\" maxlength=\"100\"><\/textarea><\/label><input type=\"hidden\" id=\"ak_js_1\" name=\"_wpcf7_ak_js\" value=\"102\"\/><script>document.getElementById( \"ak_js_1\" ).setAttribute( \"value\", ( new Date() ).getTime() );<\/script><\/p><div class=\"wpcf7-response-output\" aria-hidden=\"true\"><\/div>\n<\/form>\n<\/div>\n<\/p>\n\n\n\n<p><\/p>\n\n\n\n<p><strong>Pol\u00edtica de privacidade<\/strong><\/p>\n\n\n\n<p><em>Responsable do tratamento: os seus datos ser\u00e1n procesados \u200b\u200bpor Teixugo S Coop. Galega, con CIF F36861656<\/em><br><em>Finalidade e lexitimidade: os teus datos ser\u00e1n procesados \u200b\u200bpara os fins especificados no motivo do contacto e poder\u00e1n responder \u00e1s t\u00faas petici\u00f3ns ou consultas, segundo o consentimento expreso.<br>Asignaci\u00f3ns: non ser\u00e1n cedidas a terceiros ag\u00e1s obriga legal.<br>Prazo: Os seus datos ser\u00e1n tratados polo tempo estritamente necesario para o cumprimento da finalidade ou prop\u00f3sitos espec\u00edficos que motivaron a s\u00faa recollida, ata a perda de relevancia do seu uso ou, en todo caso, ata que sexan cancelados como resposta ao exercicio do seu titular dos dereitos correspondentes.<br>Dereitos: Inform\u00e1mosche de que pode exercer os seus dereitos de acceso, rectificaci\u00f3n, cancelaci\u00f3n e oposici\u00f3n ao tratamento dos seus datos a trav\u00e9s deste formulario de contacto ou dirix\u00edndose ao seguinte enderezo de correo electr\u00f3nico: <a href=\"mailto:teixugo@teixugo.com\">teixugo@teixugo.com<\/a><\/em><\/p>\n","protected":false},"excerpt":{"rendered":"<p>Tel\u00e9fono: 986 26 41 93 Movil: 665 47 11 92 Mail: teixugo@teixugo.com Podes enviarnos unha mensaxe desde o seguinte formulario Pol\u00edtica de privacidade Responsable do tratamento: os seus datos ser\u00e1n procesados \u200b\u200bpor Teixugo S Coop. Galega, con CIF F36861656Finalidade e lexitimidade: os teus datos ser\u00e1n procesados \u200b\u200bpara os fins especificados no motivo do contacto e [&hellip;]<\/p>\n","protected":false},"author":2,"featured_media":0,"parent":0,"menu_order":5,"comment_status":"closed","ping_status":"closed","template":"","meta":{"footnotes":""},"_links":{"self":[{"href":"https:\/\/teixugo.com\/cms\/wp-json\/wp\/v2\/pages\/25"}],"collection":[{"href":"https:\/\/teixugo.com\/cms\/wp-json\/wp\/v2\/pages"}],"about":[{"href":"https:\/\/teixugo.com\/cms\/wp-json\/wp\/v2\/types\/page"}],"author":[{"embeddable":true,"href":"https:\/\/teixugo.com\/cms\/wp-json\/wp\/v2\/users\/2"}],"replies":[{"embeddable":true,"href":"https:\/\/teixugo.com\/cms\/wp-json\/wp\/v2\/comments?post=25"}],"version-history":[{"count":11,"href":"https:\/\/teixugo.com\/cms\/wp-json\/wp\/v2\/pages\/25\/revisions"}],"predecessor-version":[{"id":639,"href":"https:\/\/teixugo.com\/cms\/wp-json\/wp\/v2\/pages\/25\/revisions\/639"}],"wp:attachment":[{"href":"https:\/\/teixugo.com\/cms\/wp-json\/wp\/v2\/media?parent=25"}],"curies":[{"name":"wp","href":"https:\/\/api.w.org\/{rel}","templated":true}]}}