{"id":40,"date":"2009-12-06T02:11:05","date_gmt":"2009-12-06T01:11:05","guid":{"rendered":"http:\/\/teixugo.com\/cms\/?page_id=40"},"modified":"2025-04-22T04:18:47","modified_gmt":"2025-04-22T03:18:47","slug":"interpretacion-do-patrimonio","status":"publish","type":"page","link":"https:\/\/teixugo.com\/cms\/nosos-traballos\/interpretacion-do-patrimonio\/","title":{"rendered":"Interpretaci\u00f3n do Patrimonio"},"content":{"rendered":"<ul>\n<li><span style=\"text-decoration: underline;\">Centros de Interpretaci\u00f3n<\/span>\n<ul>\n<li>Creaci\u00f3n e xesti\u00f3n de Centros de Interpretaci\u00f3n, Centros de Visitantes e Centros de Informaci\u00f3n ao p\u00fablico<\/li>\n<\/ul>\n<\/li>\n<li><span style=\"text-decoration: underline;\">Formaci\u00f3n<\/span>\n<ul>\n<li>Formaci\u00f3n en Interpretaci\u00f3n do Patrimonio<\/li>\n<li>Organizaci\u00f3n de Cursos, Xornadas e Seminarios<\/li>\n<\/ul>\n<\/li>\n<li><span style=\"text-decoration: underline;\">Dese\u00f1o de itinerarios ambientais<\/span>\n<ul>\n<li>Dese\u00f1o de itinerarios autoguiados<\/li>\n<li>Sinalizaci\u00f3n de sendeiros<\/li>\n<li>Elaboraci\u00f3n de planos e folletos<\/li>\n<\/ul>\n<\/li>\n<\/ul>\n\n\n<figure class=\"wp-block-image size-large is-style-rounded\"><a href=\"https:\/\/teixugo.com\/cms\/wp-content\/uploads\/2025\/04\/DSCF2023.jpg\"><img decoding=\"async\" loading=\"lazy\" width=\"1024\" height=\"768\" src=\"https:\/\/teixugo.com\/cms\/wp-content\/uploads\/2025\/04\/DSCF2023-1024x768.jpg\" alt=\"\" class=\"wp-image-658\" srcset=\"https:\/\/teixugo.com\/cms\/wp-content\/uploads\/2025\/04\/DSCF2023-1024x768.jpg 1024w, https:\/\/teixugo.com\/cms\/wp-content\/uploads\/2025\/04\/DSCF2023-300x225.jpg 300w, https:\/\/teixugo.com\/cms\/wp-content\/uploads\/2025\/04\/DSCF2023-768x576.jpg 768w, https:\/\/teixugo.com\/cms\/wp-content\/uploads\/2025\/04\/DSCF2023-1536x1152.jpg 1536w, https:\/\/teixugo.com\/cms\/wp-content\/uploads\/2025\/04\/DSCF2023.jpg 1600w\" sizes=\"(max-width: 1024px) 100vw, 1024px\" \/><\/a><\/figure>\n","protected":false},"excerpt":{"rendered":"<p>Centros de Interpretaci\u00f3n Creaci\u00f3n e xesti\u00f3n de Centros de Interpretaci\u00f3n, Centros de Visitantes e Centros de Informaci\u00f3n ao p\u00fablico Formaci\u00f3n Formaci\u00f3n en Interpretaci\u00f3n do Patrimonio Organizaci\u00f3n de Cursos, Xornadas e Seminarios Dese\u00f1o de itinerarios ambientais Dese\u00f1o de itinerarios autoguiados Sinalizaci\u00f3n de sendeiros Elaboraci\u00f3n de planos e folletos<\/p>\n","protected":false},"author":2,"featured_media":0,"parent":7,"menu_order":3,"comment_status":"closed","ping_status":"closed","template":"","meta":{"footnotes":""},"_links":{"self":[{"href":"https:\/\/teixugo.com\/cms\/wp-json\/wp\/v2\/pages\/40"}],"collection":[{"href":"https:\/\/teixugo.com\/cms\/wp-json\/wp\/v2\/pages"}],"about":[{"href":"https:\/\/teixugo.com\/cms\/wp-json\/wp\/v2\/types\/page"}],"author":[{"embeddable":true,"href":"https:\/\/teixugo.com\/cms\/wp-json\/wp\/v2\/users\/2"}],"replies":[{"embeddable":true,"href":"https:\/\/teixugo.com\/cms\/wp-json\/wp\/v2\/comments?post=40"}],"version-history":[{"count":6,"href":"https:\/\/teixugo.com\/cms\/wp-json\/wp\/v2\/pages\/40\/revisions"}],"predecessor-version":[{"id":659,"href":"https:\/\/teixugo.com\/cms\/wp-json\/wp\/v2\/pages\/40\/revisions\/659"}],"up":[{"embeddable":true,"href":"https:\/\/teixugo.com\/cms\/wp-json\/wp\/v2\/pages\/7"}],"wp:attachment":[{"href":"https:\/\/teixugo.com\/cms\/wp-json\/wp\/v2\/media?parent=40"}],"curies":[{"name":"wp","href":"https:\/\/api.w.org\/{rel}","templated":true}]}}