{"id":5,"date":"2009-02-05T12:32:25","date_gmt":"2009-02-05T11:32:25","guid":{"rendered":"http:\/\/teixugo.com\/cms\/?page_id=5"},"modified":"2021-08-07T23:47:09","modified_gmt":"2021-08-07T22:47:09","slug":"quienes-somos","status":"publish","type":"page","link":"https:\/\/teixugo.com\/cms\/quienes-somos\/","title":{"rendered":"Quen Somos"},"content":{"rendered":"<p>Teixugo \u00e9 unha Empresa Cooperativa froito do traballo en com\u00fan de varios profesionais procedentes de campos como a Biolox\u00eda, a Educaci\u00f3n Ambiental, Maxisterio, Pedagox\u00eda e o Conservacionismo.<\/p>\n<p><a href=\"https:\/\/teixugo.com\/cms\/wp-content\/uploads\/2021\/08\/pexels-photo-235615.jpeg\"><img decoding=\"async\" loading=\"lazy\" class=\"size-medium wp-image-450 alignleft\" src=\"https:\/\/teixugo.com\/cms\/wp-content\/uploads\/2021\/08\/pexels-photo-235615-300x200.jpeg\" alt=\"\" width=\"300\" height=\"200\" srcset=\"https:\/\/teixugo.com\/cms\/wp-content\/uploads\/2021\/08\/pexels-photo-235615-300x200.jpeg 300w, https:\/\/teixugo.com\/cms\/wp-content\/uploads\/2021\/08\/pexels-photo-235615-1024x682.jpeg 1024w, https:\/\/teixugo.com\/cms\/wp-content\/uploads\/2021\/08\/pexels-photo-235615-768x512.jpeg 768w, https:\/\/teixugo.com\/cms\/wp-content\/uploads\/2021\/08\/pexels-photo-235615-1536x1024.jpeg 1536w, https:\/\/teixugo.com\/cms\/wp-content\/uploads\/2021\/08\/pexels-photo-235615-272x182.jpeg 272w, https:\/\/teixugo.com\/cms\/wp-content\/uploads\/2021\/08\/pexels-photo-235615.jpeg 1880w\" sizes=\"(max-width: 300px) 100vw, 300px\" \/><\/a>Os profesionais da nosa cooperativa contan cunha ampla experiencia de mais de vinte anos no \u00e1mbito da Educaci\u00f3n Ambiental e na Xesti\u00f3n de distintos proxectos ambientais.<\/p>\n<p>Todos os nosos traballos van encami\u00f1ados \u00e1 concienciaci\u00f3n e capacitaci\u00f3n das persoas nos conceptos do desenvolvemento sostible, co\u00f1ecemento e conservaci\u00f3n do medio ambiente, as\u00ed como o estudio e recuperaci\u00f3n do noso patrimonio cultural, etnogr\u00e1fico e hist\u00f3rico.<\/p>\n<p>&nbsp;<\/p>\n<p>&nbsp;<\/p>\n<p>.<\/p>\n","protected":false},"excerpt":{"rendered":"<p>Teixugo \u00e9 unha Empresa Cooperativa froito do traballo en com\u00fan de varios profesionais procedentes de campos como a Biolox\u00eda, a Educaci\u00f3n Ambiental, Maxisterio, Pedagox\u00eda e o Conservacionismo. Os profesionais da nosa cooperativa contan cunha ampla experiencia de mais de vinte anos no \u00e1mbito da Educaci\u00f3n Ambiental e na Xesti\u00f3n de distintos proxectos ambientais. Todos os [&hellip;]<\/p>\n","protected":false},"author":2,"featured_media":0,"parent":0,"menu_order":0,"comment_status":"closed","ping_status":"closed","template":"","meta":{"footnotes":""},"_links":{"self":[{"href":"https:\/\/teixugo.com\/cms\/wp-json\/wp\/v2\/pages\/5"}],"collection":[{"href":"https:\/\/teixugo.com\/cms\/wp-json\/wp\/v2\/pages"}],"about":[{"href":"https:\/\/teixugo.com\/cms\/wp-json\/wp\/v2\/types\/page"}],"author":[{"embeddable":true,"href":"https:\/\/teixugo.com\/cms\/wp-json\/wp\/v2\/users\/2"}],"replies":[{"embeddable":true,"href":"https:\/\/teixugo.com\/cms\/wp-json\/wp\/v2\/comments?post=5"}],"version-history":[{"count":7,"href":"https:\/\/teixugo.com\/cms\/wp-json\/wp\/v2\/pages\/5\/revisions"}],"predecessor-version":[{"id":452,"href":"https:\/\/teixugo.com\/cms\/wp-json\/wp\/v2\/pages\/5\/revisions\/452"}],"wp:attachment":[{"href":"https:\/\/teixugo.com\/cms\/wp-json\/wp\/v2\/media?parent=5"}],"curies":[{"name":"wp","href":"https:\/\/api.w.org\/{rel}","templated":true}]}}