{"id":7,"date":"2009-02-05T12:33:23","date_gmt":"2009-02-05T11:33:23","guid":{"rendered":"http:\/\/teixugo.com\/cms\/?page_id=7"},"modified":"2022-02-21T02:08:42","modified_gmt":"2022-02-21T01:08:42","slug":"nosos-traballos","status":"publish","type":"page","link":"https:\/\/teixugo.com\/cms\/nosos-traballos\/","title":{"rendered":"Servizos"},"content":{"rendered":"\n<div class=\"wp-block-image is-style-rounded\"><figure class=\"alignright\"><a href=\"https:\/\/teixugo.com\/cms\/wp-content\/uploads\/2021\/08\/bright-bulb-close-up-1108572-scaled.jpg\"><img decoding=\"async\" loading=\"lazy\" width=\"300\" height=\"200\" src=\"https:\/\/teixugo.com\/cms\/wp-content\/uploads\/2021\/08\/bright-bulb-close-up-1108572-300x200.jpg\" alt=\"\" class=\"wp-image-530\" srcset=\"https:\/\/teixugo.com\/cms\/wp-content\/uploads\/2021\/08\/bright-bulb-close-up-1108572-300x200.jpg 300w, https:\/\/teixugo.com\/cms\/wp-content\/uploads\/2021\/08\/bright-bulb-close-up-1108572-1024x683.jpg 1024w, https:\/\/teixugo.com\/cms\/wp-content\/uploads\/2021\/08\/bright-bulb-close-up-1108572-768x513.jpg 768w, https:\/\/teixugo.com\/cms\/wp-content\/uploads\/2021\/08\/bright-bulb-close-up-1108572-1536x1025.jpg 1536w, https:\/\/teixugo.com\/cms\/wp-content\/uploads\/2021\/08\/bright-bulb-close-up-1108572-2048x1367.jpg 2048w, https:\/\/teixugo.com\/cms\/wp-content\/uploads\/2021\/08\/bright-bulb-close-up-1108572-272x182.jpg 272w\" sizes=\"(max-width: 300px) 100vw, 300px\" \/><\/a><\/figure><\/div>\n\n\n\n<p>O noso traballo ax\u00fastase sempre aos intereses e necesidades do cliente e \u00f3s destinatarios, polo que cada un dos nosos proxectos desenv\u00f3lvese de forma personalizada segundo a demanda.<\/p>\n\n\n\n<p>O noso reto fundamental como equipo de profesionais \u00e9 achegar a nosa colaboraci\u00f3n t\u00e9cnica nos procesos que perseguen unha relaci\u00f3n equilibrada entre o Desenvolvemento das Persoas, a Mellora do Medio Ambiente e a Conservaci\u00f3n do Patrimonio. As\u00ed, aspectos como a participaci\u00f3n social na resoluci\u00f3n dos problemas ecol\u00f3xico\/ambientais, ou a capacitaci\u00f3n para avaliar e integrar valores cunha actitude cr\u00edtica e construtiva, son ao mesmo tempo, o fin e o medio do noso quefacer laboral coti\u00e1n.<\/p>\n\n\n\n<p>As nosas principais li\u00f1as de traballo son:<\/p>\n\n\n\n<ul><li><a title=\"Educaci\u00f3n Ambiental\" href=\"https:\/\/teixugo.com\/cms\/?page_id=9\">Educaci\u00f3n Ambiental<\/a> <ul><li>Programas e proxectos de Educaci\u00f3n Ambiental<\/li><li>Creaci\u00f3n, xesti\u00f3n e desenvolvemento de Aulas de Natureza e outros equipamentos ambientais<\/li><li>Obradoiros <\/li><li><a href=\"https:\/\/teixugo.com\/cms\/?page_id=173\">Turismo de natureza<\/a> <ul><li>Turismo ornitol\u00f3xico<\/li><li>Sendeirismo <\/li><\/ul><\/li><li><a href=\"https:\/\/teixugo.com\/cms\/?page_id=20\">Artesan\u00eda<\/a><\/li><\/ul><\/li><li><a title=\"Xesti\u00f3n Ambiental\" href=\"https:\/\/teixugo.com\/cms\/?page_id=44\">Consultor\u00eda Ambiental<\/a> <ul><li>Asesor\u00eda Ambiental<\/li><li>Informes T\u00e9cnicos <\/li><\/ul><ul><li><a href=\"https:\/\/teixugo.com\/cms\/?page_id=14\">Dese\u00f1o de materiais<\/a><\/li><\/ul><\/li><li><a title=\"Interpretaci\u00f3n do Patrimonio\" href=\"https:\/\/teixugo.com\/cms\/?page_id=40\">Interpretaci\u00f3n do Patrimonio<\/a> <ul><li>Xesti\u00f3n de Centros de Interpretaci\u00f3n, Centros de Visitantes e Centros de Informaci\u00f3n ao p\u00fablico<\/li><li>Dese\u00f1o de itinerarios interpretativos<\/li><li>Formaci\u00f3n en Interpretaci\u00f3n do Patrimonio <\/li><\/ul><\/li><li><a title=\"Formaci\u00f3n\" href=\"https:\/\/teixugo.com\/cms\/?page_id=11\">Formaci\u00f3n<\/a><ul><li>Educaci\u00f3n ambiental<\/li><li>Interpretaci\u00f3n do patrimonio<\/li><li>Xesti\u00f3n de proxectos<\/li><\/ul><ul><li>Emprendemento cooperativo<\/li><\/ul><\/li><\/ul>\n\n\n\n<div class=\"wp-block-buttons is-layout-flex wp-block-buttons-is-layout-flex\">\n<div class=\"wp-block-button\"><a class=\"wp-block-button__link\" href=\"https:\/\/teixugo.com\/cms\/?page_id=22\"><span class=\"has-inline-color has-white-color\">Nosos clientes<\/span><\/a><\/div>\n<\/div>\n","protected":false},"excerpt":{"rendered":"<p>O noso traballo ax\u00fastase sempre aos intereses e necesidades do cliente e \u00f3s destinatarios, polo que cada un dos nosos proxectos desenv\u00f3lvese de forma personalizada segundo a demanda. O noso reto fundamental como equipo de profesionais \u00e9 achegar a nosa colaboraci\u00f3n t\u00e9cnica nos procesos que perseguen unha relaci\u00f3n equilibrada entre o Desenvolvemento das Persoas, a [&hellip;]<\/p>\n","protected":false},"author":2,"featured_media":0,"parent":0,"menu_order":1,"comment_status":"closed","ping_status":"closed","template":"","meta":{"footnotes":""},"_links":{"self":[{"href":"https:\/\/teixugo.com\/cms\/wp-json\/wp\/v2\/pages\/7"}],"collection":[{"href":"https:\/\/teixugo.com\/cms\/wp-json\/wp\/v2\/pages"}],"about":[{"href":"https:\/\/teixugo.com\/cms\/wp-json\/wp\/v2\/types\/page"}],"author":[{"embeddable":true,"href":"https:\/\/teixugo.com\/cms\/wp-json\/wp\/v2\/users\/2"}],"replies":[{"embeddable":true,"href":"https:\/\/teixugo.com\/cms\/wp-json\/wp\/v2\/comments?post=7"}],"version-history":[{"count":23,"href":"https:\/\/teixugo.com\/cms\/wp-json\/wp\/v2\/pages\/7\/revisions"}],"predecessor-version":[{"id":662,"href":"https:\/\/teixugo.com\/cms\/wp-json\/wp\/v2\/pages\/7\/revisions\/662"}],"wp:attachment":[{"href":"https:\/\/teixugo.com\/cms\/wp-json\/wp\/v2\/media?parent=7"}],"curies":[{"name":"wp","href":"https:\/\/api.w.org\/{rel}","templated":true}]}}