{"id":9,"date":"2009-02-05T12:34:05","date_gmt":"2009-02-05T11:34:05","guid":{"rendered":"http:\/\/teixugo.com\/cms\/?page_id=9"},"modified":"2023-08-31T22:36:33","modified_gmt":"2023-08-31T21:36:33","slug":"educacion-ambiental-e-interpretacion-do-patrimonio","status":"publish","type":"page","link":"https:\/\/teixugo.com\/cms\/nosos-traballos\/educacion-ambiental-e-interpretacion-do-patrimonio\/","title":{"rendered":"Educaci\u00f3n Ambiental"},"content":{"rendered":"\n<p><strong>EDUCACI\u00d3N AMBIENTAL<\/strong><\/p>\n\n\n\n<ul>\n<li><span style=\"text-decoration: underline;\">Programas e Proxectos de Educaci\u00f3n Ambiental<\/span>\n<ul>\n<li>Dese\u00f1o e realizaci\u00f3n de programas ambientais en Centros de Ensino, Concellos, Asociaci\u00f3ns Veci\u00f1ais, centros sociais, empresas, etc.\n<ul>\n<li>Obradoiros<\/li>\n\n\n\n<li>Programas e actividades de divulgaci\u00f3n do patrimonio natural, cultural, hist\u00f3rico e etnogr\u00e1fico<\/li>\n\n\n\n<li>Plans de xesti\u00f3n e reducci\u00f3n de residuos<\/li>\n\n\n\n<li>Realizaci\u00f3n de viveiros e hortas escolares<\/li>\n<\/ul>\n<\/li>\n<\/ul>\n<\/li>\n\n\n\n<li><span style=\"text-decoration: underline;\">Itinerarios ambientais<\/span>\n<ul>\n<li>Organizaci\u00f3n de excursi\u00f3ns e rutas a lugares de interese ecol\u00f3xico e cultural<\/li>\n<\/ul>\n<\/li>\n<\/ul>\n\n\n<div class=\"wp-block-image is-style-rounded\">\n<figure class=\"aligncenter size-large\"><a href=\"https:\/\/teixugo.com\/cms\/wp-content\/uploads\/2023\/08\/Teixugo-4.jpg\"><img decoding=\"async\" loading=\"lazy\" width=\"1024\" height=\"768\" src=\"https:\/\/teixugo.com\/cms\/wp-content\/uploads\/2023\/08\/Teixugo-4-1024x768.jpg\" alt=\"\" class=\"wp-image-643\" srcset=\"https:\/\/teixugo.com\/cms\/wp-content\/uploads\/2023\/08\/Teixugo-4-1024x768.jpg 1024w, https:\/\/teixugo.com\/cms\/wp-content\/uploads\/2023\/08\/Teixugo-4-300x225.jpg 300w, https:\/\/teixugo.com\/cms\/wp-content\/uploads\/2023\/08\/Teixugo-4-768x576.jpg 768w, https:\/\/teixugo.com\/cms\/wp-content\/uploads\/2023\/08\/Teixugo-4-1536x1152.jpg 1536w, https:\/\/teixugo.com\/cms\/wp-content\/uploads\/2023\/08\/Teixugo-4.jpg 1600w\" sizes=\"(max-width: 1024px) 100vw, 1024px\" \/><\/a><\/figure><\/div>\n\n\n<ul>\n<li><span style=\"text-decoration: underline;\">Equipamentos de Educaci\u00f3n Ambiental<br><\/span>\n<ul>\n<li>Creaci\u00f3n, xesti\u00f3n e desenvolvemento de Aulas de Natureza e outros equipamentos ambientais.<\/li>\n<\/ul>\n<\/li>\n<\/ul>\n","protected":false},"excerpt":{"rendered":"<p>EDUCACI\u00d3N AMBIENTAL<\/p>\n","protected":false},"author":2,"featured_media":0,"parent":7,"menu_order":0,"comment_status":"closed","ping_status":"closed","template":"","meta":{"footnotes":""},"_links":{"self":[{"href":"https:\/\/teixugo.com\/cms\/wp-json\/wp\/v2\/pages\/9"}],"collection":[{"href":"https:\/\/teixugo.com\/cms\/wp-json\/wp\/v2\/pages"}],"about":[{"href":"https:\/\/teixugo.com\/cms\/wp-json\/wp\/v2\/types\/page"}],"author":[{"embeddable":true,"href":"https:\/\/teixugo.com\/cms\/wp-json\/wp\/v2\/users\/2"}],"replies":[{"embeddable":true,"href":"https:\/\/teixugo.com\/cms\/wp-json\/wp\/v2\/comments?post=9"}],"version-history":[{"count":12,"href":"https:\/\/teixugo.com\/cms\/wp-json\/wp\/v2\/pages\/9\/revisions"}],"predecessor-version":[{"id":649,"href":"https:\/\/teixugo.com\/cms\/wp-json\/wp\/v2\/pages\/9\/revisions\/649"}],"up":[{"embeddable":true,"href":"https:\/\/teixugo.com\/cms\/wp-json\/wp\/v2\/pages\/7"}],"wp:attachment":[{"href":"https:\/\/teixugo.com\/cms\/wp-json\/wp\/v2\/media?parent=9"}],"curies":[{"name":"wp","href":"https:\/\/api.w.org\/{rel}","templated":true}]}}